{"id":11373,"date":"2024-11-12T12:19:56","date_gmt":"2024-11-12T11:19:56","guid":{"rendered":"https:\/\/snowboardairbag.com\/polityka-prywatnosci\/"},"modified":"2024-11-27T17:55:08","modified_gmt":"2024-11-27T16:55:08","slug":"privacy-policy","status":"publish","type":"page","link":"https:\/\/snowboardairbag.com\/en\/privacy-policy\/","title":{"rendered":"Privacy Policy"},"content":{"rendered":"<div class=\"wpb-content-wrapper\"><p>[vc_row css_animation=&#8221;&#8221; row_type=&#8221;row&#8221; use_row_as_full_screen_section=&#8221;no&#8221; type=&#8221;full_width&#8221; angled_section=&#8221;no&#8221; text_align=&#8221;left&#8221; background_image_as_pattern=&#8221;without_pattern&#8221; css=&#8221;.vc_custom_1731706270274{margin-bottom: 50px !important;}&#8221; z_index=&#8221;&#8221;][vc_column][vc_column_text css=&#8221;&#8221;]<\/p>\n<h4>Privacy policy of snowboardairbag.com<\/h4>\n<p>[\/vc_column_text][vc_separator type=&#8221;transparent&#8221;][vc_column_text css=&#8221;&#8221;]The administrator of all data is Shiro Networks Przemys\u0142aw Bielecki, based in Wroc\u0142aw at Walo\u0144ska 9\/83, 50-413 Wroc\u0142aw. We process the personal data provided to us by the Customers in a manner consistent with the scope of the permission granted by the Customers and the requirements of the law, in particular in accordance with the Personal Data Protection Act of August 29, 1997 (Journal of Laws No. 133, item 883, as amended) and in accordance with the Regulation of the European Parliament and of the Council (EU) 2016\/679 of April 27, 2016 on the protection of the natural persons in relation to the processing of personal data and on the free movement of such data and repealing Directive 95\/46\/EC (referred to as: &#8220;RODO&#8221;). Data<br \/>\nWe store the personal information of clients and inquirers on servers that ensure their full security. Only authorized Shiro Networks employees have access to the database.[\/vc_column_text][vc_separator type=&#8221;transparent&#8221;][vc_column_text css=&#8221;&#8221;]<strong>1. What data do we collect about you? <\/strong>[\/vc_column_text][vc_column_text css=&#8221;&#8221;]Data collected during registration<br \/>\nIn order for you to use some of the features of our system you will need to register. During registration, we will ask you for your email address and the password you will use on our site.[\/vc_column_text][vc_separator type=&#8221;transparent&#8221;][vc_column_text css=&#8221;&#8221;]Data collected when you contact us<br \/>\nWhen you contact us via website, phone, email, etc. you provide us with your personal data, e.g. name, surname, e-mail address, telephone number, etc. The data collected in the course of correspondence between you and our service will be used solely for the purpose of responding to your inquiry.<br \/>\n[\/vc_column_text][vc_separator type=&#8221;transparent&#8221;][vc_column_text css=&#8221;&#8221;]Data collected when you sign up for newsletters, loyalty programs, etc.<br \/>\nWhen you want to receive additional information from us, we may ask you for your phone number, name or email. This information will only be used for this purpose and will not be transferred further. [\/vc_column_text][vc_separator type=&#8221;transparent&#8221;][vc_column_text css=&#8221;&#8221;]<strong>2. How do we use your data?<\/strong>[\/vc_column_text][vc_column_text css=&#8221;&#8221;]The Company does not transfer, sell or lend the collected personal data of Customers to third parties, except with the express consent or at the request of the Customer or at the request of state authorities authorized by law in connection with ongoing proceedings.<br \/>\nData collected during registration will be used only to enable you to log into our system. Data collected during a purchase transaction will be used to complete the transaction, including sending you the ordered goods.<br \/>\nIf you have subscribed to our Newsletter, or otherwise agreed to receive it, we will use your data to send you our Newsletter. You can subscribe to it at any time using a special mechanism located on the store&#8217;s website. To do so, you will have to confirm the link indicated by us containing your acceptance to receive the Newsletter. The materials sent relate exclusively to the offer of our Store.<br \/>\nIn the event of an inspection by the General Inspectorate for Personal Data Protection, your data may be made available to employees of the Inspectorate in accordance with the Personal Data Protection Act.<br \/>\nIn case of violation of the Terms and Conditions of our service, violation of the law, or when required by law, we may share your data with the authorities of the judiciary<br \/>\njustice.<br \/>\nWe would also like to point out that if we provide links on the website that lead to other websites not administered by us, we cannot be responsible for either the content of those sites or the degree of privacy protection realized by the administrators of these sites. When you decide to go to such sites, you do so at your own risk. We encourage you, by the way, to read the privacy policy implemented by these parties before you decide to share your personal information with them.<br \/>\n[\/vc_column_text][vc_separator type=&#8221;transparent&#8221;][vc_column_text css=&#8221;&#8221;]<strong>3. How will we contact you?<\/strong>[\/vc_column_text][vc_column_text css=&#8221;&#8221;]If you have made an action to contact us, you may receive emails from us regarding the details of your inquiry. We may also contact you by phone if we have important information regarding your inquiry.[\/vc_column_text][vc_separator type=&#8221;transparent&#8221;][vc_column_text css=&#8221;&#8221;]<strong>4. How can you edit or delete your data?<\/strong>[\/vc_column_text][vc_column_text css=&#8221;&#8221;]In accordance with the provisions of the Law on Personal Data Protection of August 29, 1997, OJ No. 133 item 883, as amended, you have the right to correct, supplement, update, rectify and request the deletion of your personal data. To do so, contact us to have us amend or delete your personal information by sending a appropriate information through our contact form or a registered letter to the address of our company headquarters shown in the Contact Us tab.<br \/>\n[\/vc_column_text][vc_separator type=&#8221;transparent&#8221;][vc_column_text css=&#8221;&#8221;]<strong>5. Use of cookies (&#8220;cookies&#8221;) <\/strong>[\/vc_column_text][vc_column_text css=&#8221;&#8221;]The website (www.snowboardairbag.com) does not automatically collect any information, except for the information contained in cookies.<br \/>\nCookies (so-called &#8220;cookies&#8221;) are IT data, in particular text files, which are stored in the Service User&#8217;s terminal equipment and are intended for use on the Service&#8217;s websites. Cookies usually contain the name of the website they come from, the time they are stored on the end device and a unique number.<\/p>\n<p>The entity placing cookies on the Website User&#8217;s terminal equipment and accessing them is the owner of the Shiro Networks website at ul. Walo\u0144ska 9\/83, 50-413 Wroc\u0142aw. Cookies are used for:<br \/>\nadaptation of the content of the Website&#8217;s pages to the User&#8217;s preferences and optimization of the use of the websites; in particular, these files allow you to recognize<br \/>\nService User&#8217;s device and appropriately display the website, adapted to the Its individual needs;<br \/>\ncreation of statistics that help to understand how the Users of the Website use the websites, which allows to improve their structure and content; [\/vc_column_text][vc_separator type=&#8221;transparent&#8221;][vc_column_text css=&#8221;&#8221;]The Service uses two main types of cookies: &#8220;session&#8221; (session cookies) and &#8220;permanent&#8221; (persistent cookies). &#8220;Session&#8221; cookies are temporary files that are stored on the User&#8217;s terminal equipment until the User logs out, leaves the website or shuts down the software (web browser). &#8220;Permanent&#8221; cookies are stored on the User&#8217;s end device for the time specified in the parameters of the cookies or until they are deleted by the User.<br \/>\n[\/vc_column_text][vc_separator type=&#8221;transparent&#8221;][vc_column_text css=&#8221;&#8221;]The following types of cookies are used within the Service:<br \/>\n\u2013 &#8220;necessary&#8221; cookies to enable the use of services available on the Website, such as authentication cookies used for services that require authentication on the Website; \u2013 cookies used for security purposes, e.g. used to detect abuse of authentication on the Website;<br \/>\n\u2013 &#8220;performance&#8221; cookies that allow you to collect information about how you use the Website pages of the Service;<br \/>\n\u2013 &#8220;functional&#8221; cookies, which allow &#8220;remembering&#8221; the User&#8217;s chosen settings and personalizing the User&#8217;s interface, e.g. with regard to the chosen language or region of origin of the User, font size, appearance of the website, etc;<br \/>\n\u2013 &#8220;advertising&#8221; cookies, allowing to provide Users with advertising content more tailored to their interests. In many cases, web browsing software (Internet browser) allows cookies to be stored on the User&#8217;s terminal device by default. Users of the Website may change their settings regarding cookies at any time. These settings can be changed in particular in such a way as to block the automatic handling of<br \/>\ncookies in the settings of your web browser or to inform you about their placement in the device of a User of the Website each time. Detailed information on the possibility and methods of using cookies is available in the settings of your software (web browser).<br \/>\n[\/vc_column_text][vc_separator type=&#8221;transparent&#8221;][vc_column_text css=&#8221;&#8221;]The Website Owner informs that restrictions on the use of cookies may affect some of the functionalities available on the Website.[\/vc_column_text][vc_separator type=&#8221;transparent&#8221;][vc_column_text css=&#8221;&#8221;]Cookies placed in the Service User&#8217;s terminal equipment and used may also be used by advertisers and partners cooperating with the owner of the site.<br \/>\nMore information about cookies is available in the &#8220;Help&#8221; section of your web browser menu. 6 How do we secure your personal information?<br \/>\nThe communication between your computer and the server when we collect your personal information is encrypted using SSL (Secure Socket Layer). In addition, the databases are properly protected from third-party inspection.<br \/>\n[\/vc_column_text][vc_separator type=&#8221;transparent&#8221;][vc_column_text css=&#8221;&#8221;]<strong>6. Changes to our privacy policy.<\/strong>[\/vc_column_text][vc_column_text css=&#8221;&#8221;]We reserve the right to change the above privacy policy by publishing a new privacy policy on this website[\/vc_column_text][vc_separator type=&#8221;transparent&#8221;][vc_column_text css=&#8221;&#8221;]<strong>7. Contact<\/strong>[\/vc_column_text][vc_column_text css=&#8221;&#8221;]<span style=\"font-weight: 400;\">The company which is the controller of the data: Shiro Networks Przemys\u0142aw Bielecki, based in Wroc\u0142aw at 9\/83 Walo\u0144ska Street, 50-413 Wroc\u0142aw, Poland, NIP: 575-174-68-08. If you have additional questions about privacy, please contact us using\u00a0<\/span><\/p>\n<p><span style=\"font-weight: 400;\">Contact form on the contact page.<\/span>[\/vc_column_text][\/vc_column][\/vc_row]<\/p>\n<\/div>","protected":false},"excerpt":{"rendered":"<p>[vc_row css_animation=&#8221;&#8221; row_type=&#8221;row&#8221; use_row_as_full_screen_section=&#8221;no&#8221; type=&#8221;full_width&#8221; angled_section=&#8221;no&#8221; text_align=&#8221;left&#8221; background_image_as_pattern=&#8221;without_pattern&#8221; css=&#8221;.vc_custom_1731706270274{margin-bottom: 50px !important;}&#8221; z_index=&#8221;&#8221;][vc_column][vc_column_text css=&#8221;&#8221;] Privacy policy of snowboardairbag.com [\/vc_column_text][vc_separator type=&#8221;transparent&#8221;][vc_column_text css=&#8221;&#8221;]The administrator of all data is Shiro Networks Przemys\u0142aw Bielecki, based in Wroc\u0142aw at Walo\u0144ska 9\/83, 50-413 Wroc\u0142aw. We process the personal data provided to us&#8230;<\/p>\n","protected":false},"author":1,"featured_media":0,"parent":0,"menu_order":0,"comment_status":"closed","ping_status":"open","template":"","meta":{"footnotes":""},"class_list":["post-11373","page","type-page","status-publish","hentry"],"yoast_head":"<!-- This site is optimized with the Yoast SEO plugin v27.5 - https:\/\/yoast.com\/product\/yoast-seo-wordpress\/ -->\n<title>Privacy Policy - SnowboardAirBag<\/title>\n<meta name=\"robots\" content=\"index, follow, max-snippet:-1, max-image-preview:large, max-video-preview:-1\" \/>\n<link rel=\"canonical\" href=\"https:\/\/snowboardairbag.com\/en\/privacy-policy\/\" \/>\n<meta property=\"og:locale\" content=\"en_US\" \/>\n<meta property=\"og:type\" content=\"article\" \/>\n<meta property=\"og:title\" content=\"Privacy Policy - SnowboardAirBag\" \/>\n<meta property=\"og:description\" content=\"[vc_row css_animation=&#8221;&#8221; row_type=&#8221;row&#8221; use_row_as_full_screen_section=&#8221;no&#8221; type=&#8221;full_width&#8221; angled_section=&#8221;no&#8221; text_align=&#8221;left&#8221; background_image_as_pattern=&#8221;without_pattern&#8221; css=&#8221;.vc_custom_1731706270274{margin-bottom: 50px !important;}&#8221; z_index=&#8221;&#8221;][vc_column][vc_column_text css=&#8221;&#8221;] Privacy policy of snowboardairbag.com [\/vc_column_text][vc_separator type=&#8221;transparent&#8221;][vc_column_text css=&#8221;&#8221;]The administrator of all data is Shiro Networks Przemys\u0142aw Bielecki, based in Wroc\u0142aw at Walo\u0144ska 9\/83, 50-413 Wroc\u0142aw. We process the personal data provided to us...\" \/>\n<meta property=\"og:url\" content=\"https:\/\/snowboardairbag.com\/en\/privacy-policy\/\" \/>\n<meta property=\"og:site_name\" content=\"SnowboardAirBag\" \/>\n<meta property=\"article:publisher\" content=\"https:\/\/www.facebook.com\/SnowboardAirBag\" \/>\n<meta property=\"article:modified_time\" content=\"2024-11-27T16:55:08+00:00\" \/>\n<meta property=\"og:image\" content=\"https:\/\/snowboardairbag.com\/wp-content\/uploads\/2025\/01\/logo_snowboardairbag.jpg\" \/>\n\t<meta property=\"og:image:width\" content=\"225\" \/>\n\t<meta property=\"og:image:height\" content=\"225\" \/>\n\t<meta property=\"og:image:type\" content=\"image\/jpeg\" \/>\n<meta name=\"twitter:card\" content=\"summary_large_image\" \/>\n<meta name=\"twitter:label1\" content=\"Est. reading time\" \/>\n\t<meta name=\"twitter:data1\" content=\"9 minutes\" \/>\n<script type=\"application\/ld+json\" class=\"yoast-schema-graph\">{\"@context\":\"https:\\\/\\\/schema.org\",\"@graph\":[{\"@type\":\"WebPage\",\"@id\":\"https:\\\/\\\/snowboardairbag.com\\\/en\\\/privacy-policy\\\/\",\"url\":\"https:\\\/\\\/snowboardairbag.com\\\/en\\\/privacy-policy\\\/\",\"name\":\"Privacy Policy - SnowboardAirBag\",\"isPartOf\":{\"@id\":\"https:\\\/\\\/snowboardairbag.com\\\/#website\"},\"datePublished\":\"2024-11-12T11:19:56+00:00\",\"dateModified\":\"2024-11-27T16:55:08+00:00\",\"breadcrumb\":{\"@id\":\"https:\\\/\\\/snowboardairbag.com\\\/en\\\/privacy-policy\\\/#breadcrumb\"},\"inLanguage\":\"en-US\",\"potentialAction\":[{\"@type\":\"ReadAction\",\"target\":[\"https:\\\/\\\/snowboardairbag.com\\\/en\\\/privacy-policy\\\/\"]}]},{\"@type\":\"BreadcrumbList\",\"@id\":\"https:\\\/\\\/snowboardairbag.com\\\/en\\\/privacy-policy\\\/#breadcrumb\",\"itemListElement\":[{\"@type\":\"ListItem\",\"position\":1,\"name\":\"Strona g\u0142\u00f3wna\",\"item\":\"https:\\\/\\\/snowboardairbag.com\\\/en\\\/\"},{\"@type\":\"ListItem\",\"position\":2,\"name\":\"Privacy Policy\"}]},{\"@type\":\"WebSite\",\"@id\":\"https:\\\/\\\/snowboardairbag.com\\\/#website\",\"url\":\"https:\\\/\\\/snowboardairbag.com\\\/\",\"name\":\"SnowboardAirBag\",\"description\":\"\",\"publisher\":{\"@id\":\"https:\\\/\\\/snowboardairbag.com\\\/#organization\"},\"alternateName\":\"Poducha do park\u00f3w trampolin\",\"potentialAction\":[{\"@type\":\"SearchAction\",\"target\":{\"@type\":\"EntryPoint\",\"urlTemplate\":\"https:\\\/\\\/snowboardairbag.com\\\/?s={search_term_string}\"},\"query-input\":{\"@type\":\"PropertyValueSpecification\",\"valueRequired\":true,\"valueName\":\"search_term_string\"}}],\"inLanguage\":\"en-US\"},{\"@type\":\"Organization\",\"@id\":\"https:\\\/\\\/snowboardairbag.com\\\/#organization\",\"name\":\"SnowboardAirBag\",\"url\":\"https:\\\/\\\/snowboardairbag.com\\\/\",\"logo\":{\"@type\":\"ImageObject\",\"inLanguage\":\"en-US\",\"@id\":\"https:\\\/\\\/snowboardairbag.com\\\/#\\\/schema\\\/logo\\\/image\\\/\",\"url\":\"https:\\\/\\\/snowboardairbag.com\\\/wp-content\\\/uploads\\\/2024\\\/11\\\/logo.png\",\"contentUrl\":\"https:\\\/\\\/snowboardairbag.com\\\/wp-content\\\/uploads\\\/2024\\\/11\\\/logo.png\",\"width\":115,\"height\":63,\"caption\":\"SnowboardAirBag\"},\"image\":{\"@id\":\"https:\\\/\\\/snowboardairbag.com\\\/#\\\/schema\\\/logo\\\/image\\\/\"},\"sameAs\":[\"https:\\\/\\\/www.facebook.com\\\/SnowboardAirBag\",\"https:\\\/\\\/www.instagram.com\\\/snowboardairbag\\\/\"]}]}<\/script>\n<!-- \/ Yoast SEO plugin. -->","yoast_head_json":{"title":"Privacy Policy - SnowboardAirBag","robots":{"index":"index","follow":"follow","max-snippet":"max-snippet:-1","max-image-preview":"max-image-preview:large","max-video-preview":"max-video-preview:-1"},"canonical":"https:\/\/snowboardairbag.com\/en\/privacy-policy\/","og_locale":"en_US","og_type":"article","og_title":"Privacy Policy - SnowboardAirBag","og_description":"[vc_row css_animation=&#8221;&#8221; row_type=&#8221;row&#8221; use_row_as_full_screen_section=&#8221;no&#8221; type=&#8221;full_width&#8221; angled_section=&#8221;no&#8221; text_align=&#8221;left&#8221; background_image_as_pattern=&#8221;without_pattern&#8221; css=&#8221;.vc_custom_1731706270274{margin-bottom: 50px !important;}&#8221; z_index=&#8221;&#8221;][vc_column][vc_column_text css=&#8221;&#8221;] Privacy policy of snowboardairbag.com [\/vc_column_text][vc_separator type=&#8221;transparent&#8221;][vc_column_text css=&#8221;&#8221;]The administrator of all data is Shiro Networks Przemys\u0142aw Bielecki, based in Wroc\u0142aw at Walo\u0144ska 9\/83, 50-413 Wroc\u0142aw. We process the personal data provided to us...","og_url":"https:\/\/snowboardairbag.com\/en\/privacy-policy\/","og_site_name":"SnowboardAirBag","article_publisher":"https:\/\/www.facebook.com\/SnowboardAirBag","article_modified_time":"2024-11-27T16:55:08+00:00","og_image":[{"width":225,"height":225,"url":"https:\/\/snowboardairbag.com\/wp-content\/uploads\/2025\/01\/logo_snowboardairbag.jpg","type":"image\/jpeg"}],"twitter_card":"summary_large_image","twitter_misc":{"Est. reading time":"9 minutes"},"schema":{"@context":"https:\/\/schema.org","@graph":[{"@type":"WebPage","@id":"https:\/\/snowboardairbag.com\/en\/privacy-policy\/","url":"https:\/\/snowboardairbag.com\/en\/privacy-policy\/","name":"Privacy Policy - SnowboardAirBag","isPartOf":{"@id":"https:\/\/snowboardairbag.com\/#website"},"datePublished":"2024-11-12T11:19:56+00:00","dateModified":"2024-11-27T16:55:08+00:00","breadcrumb":{"@id":"https:\/\/snowboardairbag.com\/en\/privacy-policy\/#breadcrumb"},"inLanguage":"en-US","potentialAction":[{"@type":"ReadAction","target":["https:\/\/snowboardairbag.com\/en\/privacy-policy\/"]}]},{"@type":"BreadcrumbList","@id":"https:\/\/snowboardairbag.com\/en\/privacy-policy\/#breadcrumb","itemListElement":[{"@type":"ListItem","position":1,"name":"Strona g\u0142\u00f3wna","item":"https:\/\/snowboardairbag.com\/en\/"},{"@type":"ListItem","position":2,"name":"Privacy Policy"}]},{"@type":"WebSite","@id":"https:\/\/snowboardairbag.com\/#website","url":"https:\/\/snowboardairbag.com\/","name":"SnowboardAirBag","description":"","publisher":{"@id":"https:\/\/snowboardairbag.com\/#organization"},"alternateName":"Poducha do park\u00f3w trampolin","potentialAction":[{"@type":"SearchAction","target":{"@type":"EntryPoint","urlTemplate":"https:\/\/snowboardairbag.com\/?s={search_term_string}"},"query-input":{"@type":"PropertyValueSpecification","valueRequired":true,"valueName":"search_term_string"}}],"inLanguage":"en-US"},{"@type":"Organization","@id":"https:\/\/snowboardairbag.com\/#organization","name":"SnowboardAirBag","url":"https:\/\/snowboardairbag.com\/","logo":{"@type":"ImageObject","inLanguage":"en-US","@id":"https:\/\/snowboardairbag.com\/#\/schema\/logo\/image\/","url":"https:\/\/snowboardairbag.com\/wp-content\/uploads\/2024\/11\/logo.png","contentUrl":"https:\/\/snowboardairbag.com\/wp-content\/uploads\/2024\/11\/logo.png","width":115,"height":63,"caption":"SnowboardAirBag"},"image":{"@id":"https:\/\/snowboardairbag.com\/#\/schema\/logo\/image\/"},"sameAs":["https:\/\/www.facebook.com\/SnowboardAirBag","https:\/\/www.instagram.com\/snowboardairbag\/"]}]}},"_links":{"self":[{"href":"https:\/\/snowboardairbag.com\/en\/wp-json\/wp\/v2\/pages\/11373","targetHints":{"allow":["GET"]}}],"collection":[{"href":"https:\/\/snowboardairbag.com\/en\/wp-json\/wp\/v2\/pages"}],"about":[{"href":"https:\/\/snowboardairbag.com\/en\/wp-json\/wp\/v2\/types\/page"}],"author":[{"embeddable":true,"href":"https:\/\/snowboardairbag.com\/en\/wp-json\/wp\/v2\/users\/1"}],"replies":[{"embeddable":true,"href":"https:\/\/snowboardairbag.com\/en\/wp-json\/wp\/v2\/comments?post=11373"}],"version-history":[{"count":5,"href":"https:\/\/snowboardairbag.com\/en\/wp-json\/wp\/v2\/pages\/11373\/revisions"}],"predecessor-version":[{"id":11754,"href":"https:\/\/snowboardairbag.com\/en\/wp-json\/wp\/v2\/pages\/11373\/revisions\/11754"}],"wp:attachment":[{"href":"https:\/\/snowboardairbag.com\/en\/wp-json\/wp\/v2\/media?parent=11373"}],"curies":[{"name":"wp","href":"https:\/\/api.w.org\/{rel}","templated":true}]}}